{"id":19,"date":"2016-01-15T08:40:07","date_gmt":"2016-01-15T07:40:07","guid":{"rendered":"http:\/\/urlaubbeilinda.com\/?page_id=19"},"modified":"2023-06-14T14:06:23","modified_gmt":"2023-06-14T13:06:23","slug":"contact","status":"publish","type":"page","link":"https:\/\/urlaubbeilinda.com\/de\/contact\/","title":{"rendered":"KONTAKT\/PREISE"},"content":{"rendered":"\t\t<div data-elementor-type=\"wp-page\" data-elementor-id=\"19\" class=\"elementor elementor-19\">\n\t\t\t\t\t\t<section class=\"elementor-section elementor-top-section elementor-element elementor-element-47c62b05 elementor-section-boxed elementor-section-height-default elementor-section-height-default\" data-id=\"47c62b05\" data-element_type=\"section\" data-e-type=\"section\">\n\t\t\t\t\t\t<div class=\"elementor-container elementor-column-gap-default\">\n\t\t\t\t\t<div class=\"elementor-column elementor-col-100 elementor-top-column elementor-element elementor-element-5d38bad3\" data-id=\"5d38bad3\" data-element_type=\"column\" data-e-type=\"column\">\n\t\t\t<div class=\"elementor-widget-wrap elementor-element-populated\">\n\t\t\t\t\t\t<div class=\"elementor-element elementor-element-2c3b588d elementor-widget elementor-widget-text-editor\" data-id=\"2c3b588d\" data-element_type=\"widget\" data-e-type=\"widget\" data-widget_type=\"text-editor.default\">\n\t\t\t\t<div class=\"elementor-widget-container\">\n\t\t\t\t\t\t\t\t\t<p><strong>Direkt buchen \/ Preise anzeigen<br \/><\/strong>M\u00f6chten Sie eine der Wohnungen in \u00d6sterreich buchen, k\u00f6nnen Sie das direkt \u00fcber ChaletsPLUS tun: Sie k\u00f6nnen aus zwei verschiedenen Appartements ausw\u00e4hlen, klicken Sie das gew\u00fcnschte an, und Sie kommen direkt auf die Reservierungsseite.\u00a0 Wenn Sie sich \u00fcber die Preise, Angebote und Last Minute informieren m\u00f6chten, klicken Sie auf die entsprechenden Anzeigen.<\/p><p><span lang=\"DE\">Die Preise sind von den Verleihfirmen vorgegeben, dadurch sind die Preise auch <span style=\"display: inline !important; float: none; background-color: #ffffff; color: #7a7a7a; font-family: 'Roboto',Sans-serif; font-size: 14px; font-style: normal; font-variant: normal; font-weight: 400; letter-spacing: normal; orphans: 2; text-align: left; text-decoration: none; text-indent: 0px; text-transform: none; -webkit-text-stroke-width: 0px; white-space: normal; word-spacing: 0px;\">Fixpreise.<\/span><\/span><\/p>\t\t\t\t\t\t\t\t<\/div>\n\t\t\t\t<\/div>\n\t\t\t\t\t<\/div>\n\t\t<\/div>\n\t\t\t\t\t<\/div>\n\t\t<\/section>\n\t\t\t\t<section class=\"elementor-section elementor-top-section elementor-element elementor-element-43b52c8 elementor-section-boxed elementor-section-height-default elementor-section-height-default\" data-id=\"43b52c8\" data-element_type=\"section\" data-e-type=\"section\">\n\t\t\t\t\t\t<div class=\"elementor-container elementor-column-gap-default\">\n\t\t\t\t\t<div class=\"elementor-column elementor-col-50 elementor-top-column elementor-element elementor-element-65839c5\" data-id=\"65839c5\" data-element_type=\"column\" data-e-type=\"column\">\n\t\t\t<div class=\"elementor-widget-wrap elementor-element-populated\">\n\t\t\t\t\t\t<div class=\"elementor-element elementor-element-5cc1cdf elementor-widget elementor-widget-text-editor\" data-id=\"5cc1cdf\" data-element_type=\"widget\" data-e-type=\"widget\" data-widget_type=\"text-editor.default\">\n\t\t\t\t<div class=\"elementor-widget-container\">\n\t\t\t\t\t\t\t\t\t<p><a href=\"https:\/\/www.chaletsplus.com\/de\/chalet\/neukirchen-am-grossvenediger\/zillertal-arena\/wildkogel-arena\/kitzbueheler-alpen\/residenz-wildkogelbahnen-top-11-517.html?ID%3D517\" target=\"_blank\" rel=\"attachment noopener wp-att-260 noreferrer\"><img decoding=\"async\" class=\"aligncenter wp-image-260\" src=\"\/\/urlaubbeilinda.com\/wp-content\/uploads\/2016\/01\/Chalet-Plus-Top-11.jpg\" alt=\"Chalet Plus Top 11\" width=\"186\" height=\"72\" \/><\/a><\/p>\t\t\t\t\t\t\t\t<\/div>\n\t\t\t\t<\/div>\n\t\t\t\t\t<\/div>\n\t\t<\/div>\n\t\t\t\t<div class=\"elementor-column elementor-col-50 elementor-top-column elementor-element elementor-element-2574389\" data-id=\"2574389\" data-element_type=\"column\" data-e-type=\"column\">\n\t\t\t<div class=\"elementor-widget-wrap elementor-element-populated\">\n\t\t\t\t\t\t<div class=\"elementor-element elementor-element-d42c535 elementor-widget elementor-widget-text-editor\" data-id=\"d42c535\" data-element_type=\"widget\" data-e-type=\"widget\" data-widget_type=\"text-editor.default\">\n\t\t\t\t<div class=\"elementor-widget-container\">\n\t\t\t\t\t\t\t\t\t<p style=\"text-align: left;\"><a href=\"https:\/\/www.chaletsplus.com\/de\/chalet\/neukirchen-am-grossvenediger\/zillertal-arena\/wildkogel-arena\/kitzbueheler-alpen\/residenz-wildkogelbahnen-top-16-528.html\" target=\"_blank\" rel=\"attachment noopener wp-att-261 noreferrer\"><img decoding=\"async\" class=\"aligncenter wp-image-261\" src=\"\/\/urlaubbeilinda.com\/wp-content\/uploads\/2016\/01\/Chalet-Plus-Top-16.jpg\" alt=\"Chalet Plus Top 16\" width=\"186\" height=\"74\" \/><\/a><\/p>\t\t\t\t\t\t\t\t<\/div>\n\t\t\t\t<\/div>\n\t\t\t\t\t<\/div>\n\t\t<\/div>\n\t\t\t\t\t<\/div>\n\t\t<\/section>\n\t\t\t\t<section class=\"elementor-section elementor-top-section elementor-element elementor-element-e2ebf59 elementor-section-boxed elementor-section-height-default elementor-section-height-default\" data-id=\"e2ebf59\" data-element_type=\"section\" data-e-type=\"section\">\n\t\t\t\t\t\t<div class=\"elementor-container elementor-column-gap-default\">\n\t\t\t\t\t<div class=\"elementor-column elementor-col-100 elementor-top-column elementor-element elementor-element-24deb9d\" data-id=\"24deb9d\" data-element_type=\"column\" data-e-type=\"column\">\n\t\t\t<div class=\"elementor-widget-wrap elementor-element-populated\">\n\t\t\t\t\t\t<div class=\"elementor-element elementor-element-0eab437 elementor-widget elementor-widget-text-editor\" data-id=\"0eab437\" data-element_type=\"widget\" data-e-type=\"widget\" data-widget_type=\"text-editor.default\">\n\t\t\t\t<div class=\"elementor-widget-container\">\n\t\t\t\t\t\t\t\t\t<p>Wenn Sie Fragen haben, z\u00f6gern Sie nicht, mich zu kontaktieren&nbsp;<a href=\"mailto:info@urlaubbeilinda.com\">info@urlaubbeilinda.com<\/a>, ich reagiere so schnell wie m\u00f6glich.<br>\n<br>&nbsp;<\/p>\n<h1>Mit freundlichen Gr\u00fcsse&nbsp;Linda<\/h1>\n<p><br><\/p>\n<div class=\"row\"><\/div>\n<div>\n<p style=\"text-align: right;\"><span style=\"color: #b41210;\"><strong>Lage:<\/strong><br>\n<\/span><span style=\"color: #b41210;\">Residenz Neukirchen Wildkogelbahnen, Top 16 \/ Top 11<\/span><br>\n<span style=\"color: #b41210;\"> Wildkogelbahnstra\u00dfe 478<\/span><br>\n<span style=\"color: #b41210;\"> A-5741 Neukirchen am Gro\u00dfvenediger<\/span><\/p>\n<p style=\"text-align: right;\">\n<\/p><\/div>\n<div style=\"width: 50%; height: 137px;\">\n<p style=\"text-align: left;\"><span style=\"color: #b41210;\"><strong> <iframe src=\"\/\/www.google.com\/maps\/embed?pb=!1m18!1m12!1m3!1d2708.09463072487!2d12.27864751588709!3d47.25385282027156!2m3!1f0!2f0!3f0!3m2!1i1024!2i768!4f13.1!3m3!1m2!1s0x4777ba85d56d4d21%3A0xa36c4e5ba3b636e3!2sWildkogelbahnstra%C3%9Fe+478%2C+5741%2C+Oostenrijk!5e0!3m2!1snl!2snl!4v1453391207418\" width=\"400\" height=\"300\" frameborder=\"0\" allowfullscreen=\"allowfullscreen\"><\/iframe><\/strong><\/span><\/p>\n<p style=\"text-align: left;\">\n<\/p><\/div>\n<div style=\"width: 50%; height: 137px;\"><\/div>\n\t\t\t\t\t\t\t\t<\/div>\n\t\t\t\t<\/div>\n\t\t\t\t\t<\/div>\n\t\t<\/div>\n\t\t\t\t\t<\/div>\n\t\t<\/section>\n\t\t\t\t<\/div>\n\t\t","protected":false},"excerpt":{"rendered":"<p>Direkt buchen \/ Preise anzeigenM\u00f6chten Sie eine der Wohnungen in \u00d6sterreich buchen, k\u00f6nnen Sie das direkt \u00fcber ChaletsPLUS tun: Sie k\u00f6nnen aus zwei verschiedenen Appartements ausw\u00e4hlen, klicken Sie das gew\u00fcnschte an, und Sie kommen direkt auf die Reservierungsseite.\u00a0 Wenn Sie &hellip; <a href=\"https:\/\/urlaubbeilinda.com\/de\/contact\/\">Weiter<\/a><\/p>\n","protected":false},"author":1,"featured_media":0,"parent":0,"menu_order":0,"comment_status":"closed","ping_status":"closed","template":"page-fullwidth.php","meta":{"kt_blocks_editor_width":"","footnotes":""},"class_list":["post-19","page","type-page","status-publish","hentry"],"yoast_head":"<!-- This site is optimized with the Yoast SEO plugin v27.3 - https:\/\/yoast.com\/product\/yoast-seo-wordpress\/ -->\n<title>KONTAKT\/PREISE - Urlaub bei Linda<\/title>\n<meta name=\"robots\" content=\"index, follow, max-snippet:-1, max-image-preview:large, max-video-preview:-1\" \/>\n<link rel=\"canonical\" href=\"https:\/\/urlaubbeilinda.com\/contact\/\" \/>\n<meta property=\"og:locale\" content=\"de_DE\" \/>\n<meta property=\"og:type\" content=\"article\" \/>\n<meta property=\"og:title\" content=\"KONTAKT\/PREISE - Urlaub bei Linda\" \/>\n<meta property=\"og:description\" content=\"Direkt buchen \/ Preise anzeigenM\u00f6chten Sie eine der Wohnungen in \u00d6sterreich buchen, k\u00f6nnen Sie das direkt \u00fcber ChaletsPLUS tun: Sie k\u00f6nnen aus zwei verschiedenen Appartements ausw\u00e4hlen, klicken Sie das gew\u00fcnschte an, und Sie kommen direkt auf die Reservierungsseite.\u00a0 Wenn Sie &hellip; Weiter\" \/>\n<meta property=\"og:url\" content=\"https:\/\/urlaubbeilinda.com\/contact\/\" \/>\n<meta property=\"og:site_name\" content=\"Urlaub bei Linda\" \/>\n<meta property=\"article:modified_time\" content=\"2023-06-14T13:06:23+00:00\" \/>\n<meta name=\"twitter:card\" content=\"summary_large_image\" \/>\n<meta name=\"twitter:label1\" content=\"Gesch\u00e4tzte Lesezeit\" \/>\n\t<meta name=\"twitter:data1\" content=\"2\u00a0Minuten\" \/>\n<script type=\"application\/ld+json\" class=\"yoast-schema-graph\">{\"@context\":\"https:\\\/\\\/schema.org\",\"@graph\":[{\"@type\":\"WebPage\",\"@id\":\"https:\\\/\\\/urlaubbeilinda.com\\\/contact\\\/\",\"url\":\"https:\\\/\\\/urlaubbeilinda.com\\\/contact\\\/\",\"name\":\"KONTAKT\\\/PREISE - Urlaub bei Linda\",\"isPartOf\":{\"@id\":\"https:\\\/\\\/urlaubbeilinda.com\\\/nl\\\/#website\"},\"datePublished\":\"2016-01-15T07:40:07+00:00\",\"dateModified\":\"2023-06-14T13:06:23+00:00\",\"breadcrumb\":{\"@id\":\"https:\\\/\\\/urlaubbeilinda.com\\\/contact\\\/#breadcrumb\"},\"inLanguage\":\"de\",\"potentialAction\":[{\"@type\":\"ReadAction\",\"target\":[\"https:\\\/\\\/urlaubbeilinda.com\\\/contact\\\/\"]}]},{\"@type\":\"BreadcrumbList\",\"@id\":\"https:\\\/\\\/urlaubbeilinda.com\\\/contact\\\/#breadcrumb\",\"itemListElement\":[{\"@type\":\"ListItem\",\"position\":1,\"name\":\"Home\",\"item\":\"https:\\\/\\\/urlaubbeilinda.com\\\/nl\\\/\"},{\"@type\":\"ListItem\",\"position\":2,\"name\":\"[:nl]CONTACT\\\/TARIEVEN[:de]KONTAKT\\\/PREISE[:]\"}]},{\"@type\":\"WebSite\",\"@id\":\"https:\\\/\\\/urlaubbeilinda.com\\\/nl\\\/#website\",\"url\":\"https:\\\/\\\/urlaubbeilinda.com\\\/nl\\\/\",\"name\":\"Urlaub bei Linda\",\"description\":\"\",\"potentialAction\":[{\"@type\":\"SearchAction\",\"target\":{\"@type\":\"EntryPoint\",\"urlTemplate\":\"https:\\\/\\\/urlaubbeilinda.com\\\/nl\\\/?s={search_term_string}\"},\"query-input\":{\"@type\":\"PropertyValueSpecification\",\"valueRequired\":true,\"valueName\":\"search_term_string\"}}],\"inLanguage\":\"de\"}]}<\/script>\n<!-- \/ Yoast SEO plugin. -->","yoast_head_json":{"title":"KONTAKT\/PREISE - Urlaub bei Linda","robots":{"index":"index","follow":"follow","max-snippet":"max-snippet:-1","max-image-preview":"max-image-preview:large","max-video-preview":"max-video-preview:-1"},"canonical":"https:\/\/urlaubbeilinda.com\/contact\/","og_locale":"de_DE","og_type":"article","og_title":"KONTAKT\/PREISE - Urlaub bei Linda","og_description":"Direkt buchen \/ Preise anzeigenM\u00f6chten Sie eine der Wohnungen in \u00d6sterreich buchen, k\u00f6nnen Sie das direkt \u00fcber ChaletsPLUS tun: Sie k\u00f6nnen aus zwei verschiedenen Appartements ausw\u00e4hlen, klicken Sie das gew\u00fcnschte an, und Sie kommen direkt auf die Reservierungsseite.\u00a0 Wenn Sie &hellip; Weiter","og_url":"https:\/\/urlaubbeilinda.com\/contact\/","og_site_name":"Urlaub bei Linda","article_modified_time":"2023-06-14T13:06:23+00:00","twitter_card":"summary_large_image","twitter_misc":{"Gesch\u00e4tzte Lesezeit":"2\u00a0Minuten"},"schema":{"@context":"https:\/\/schema.org","@graph":[{"@type":"WebPage","@id":"https:\/\/urlaubbeilinda.com\/contact\/","url":"https:\/\/urlaubbeilinda.com\/contact\/","name":"KONTAKT\/PREISE - Urlaub bei Linda","isPartOf":{"@id":"https:\/\/urlaubbeilinda.com\/nl\/#website"},"datePublished":"2016-01-15T07:40:07+00:00","dateModified":"2023-06-14T13:06:23+00:00","breadcrumb":{"@id":"https:\/\/urlaubbeilinda.com\/contact\/#breadcrumb"},"inLanguage":"de","potentialAction":[{"@type":"ReadAction","target":["https:\/\/urlaubbeilinda.com\/contact\/"]}]},{"@type":"BreadcrumbList","@id":"https:\/\/urlaubbeilinda.com\/contact\/#breadcrumb","itemListElement":[{"@type":"ListItem","position":1,"name":"Home","item":"https:\/\/urlaubbeilinda.com\/nl\/"},{"@type":"ListItem","position":2,"name":"[:nl]CONTACT\/TARIEVEN[:de]KONTAKT\/PREISE[:]"}]},{"@type":"WebSite","@id":"https:\/\/urlaubbeilinda.com\/nl\/#website","url":"https:\/\/urlaubbeilinda.com\/nl\/","name":"Urlaub bei Linda","description":"","potentialAction":[{"@type":"SearchAction","target":{"@type":"EntryPoint","urlTemplate":"https:\/\/urlaubbeilinda.com\/nl\/?s={search_term_string}"},"query-input":{"@type":"PropertyValueSpecification","valueRequired":true,"valueName":"search_term_string"}}],"inLanguage":"de"}]}},"_links":{"self":[{"href":"https:\/\/urlaubbeilinda.com\/de\/wp-json\/wp\/v2\/pages\/19","targetHints":{"allow":["GET"]}}],"collection":[{"href":"https:\/\/urlaubbeilinda.com\/de\/wp-json\/wp\/v2\/pages"}],"about":[{"href":"https:\/\/urlaubbeilinda.com\/de\/wp-json\/wp\/v2\/types\/page"}],"author":[{"embeddable":true,"href":"https:\/\/urlaubbeilinda.com\/de\/wp-json\/wp\/v2\/users\/1"}],"replies":[{"embeddable":true,"href":"https:\/\/urlaubbeilinda.com\/de\/wp-json\/wp\/v2\/comments?post=19"}],"version-history":[{"count":198,"href":"https:\/\/urlaubbeilinda.com\/de\/wp-json\/wp\/v2\/pages\/19\/revisions"}],"predecessor-version":[{"id":1660,"href":"https:\/\/urlaubbeilinda.com\/de\/wp-json\/wp\/v2\/pages\/19\/revisions\/1660"}],"wp:attachment":[{"href":"https:\/\/urlaubbeilinda.com\/de\/wp-json\/wp\/v2\/media?parent=19"}],"curies":[{"name":"wp","href":"https:\/\/api.w.org\/{rel}","templated":true}]}}