{"id":14,"date":"2016-01-15T08:36:11","date_gmt":"2016-01-15T07:36:11","guid":{"rendered":"http:\/\/urlaubbeilinda.com\/?page_id=14"},"modified":"2020-06-25T19:18:14","modified_gmt":"2020-06-25T18:18:14","slug":"binnenkijken","status":"publish","type":"page","link":"https:\/\/urlaubbeilinda.com\/de\/binnenkijken\/","title":{"rendered":"REINSCHAUEN"},"content":{"rendered":"\t\t<div data-elementor-type=\"wp-page\" data-elementor-id=\"14\" class=\"elementor elementor-14\">\n\t\t\t\t\t\t<section class=\"elementor-section elementor-top-section elementor-element elementor-element-136052b7 elementor-section-boxed elementor-section-height-default elementor-section-height-default\" data-id=\"136052b7\" data-element_type=\"section\" data-e-type=\"section\">\n\t\t\t\t\t\t<div class=\"elementor-container elementor-column-gap-default\">\n\t\t\t\t\t<div class=\"elementor-column elementor-col-100 elementor-top-column elementor-element elementor-element-3f6f8c9\" data-id=\"3f6f8c9\" data-element_type=\"column\" data-e-type=\"column\">\n\t\t\t<div class=\"elementor-widget-wrap elementor-element-populated\">\n\t\t\t\t\t\t<div class=\"elementor-element elementor-element-606bacd6 elementor-widget elementor-widget-text-editor\" data-id=\"606bacd6\" data-element_type=\"widget\" data-e-type=\"widget\" data-widget_type=\"text-editor.default\">\n\t\t\t\t<div class=\"elementor-widget-container\">\n\t\t\t\t\t\t\t\t\t<p><a href=\"https:\/\/urlaubbeilinda.com\/wp-content\/uploads\/2020\/06\/Banner-binnenkijken-000-1.jpg\"><img fetchpriority=\"high\" decoding=\"async\" class=\"alignnone wp-image-886 size-full\" src=\"https:\/\/urlaubbeilinda.com\/wp-content\/uploads\/2020\/06\/Banner-binnenkijken-000-1.jpg\" alt=\"\" width=\"1121\" height=\"254\" srcset=\"https:\/\/urlaubbeilinda.com\/wp-content\/uploads\/2020\/06\/Banner-binnenkijken-000-1.jpg 1121w, https:\/\/urlaubbeilinda.com\/wp-content\/uploads\/2020\/06\/Banner-binnenkijken-000-1-300x68.jpg 300w, https:\/\/urlaubbeilinda.com\/wp-content\/uploads\/2020\/06\/Banner-binnenkijken-000-1-1024x232.jpg 1024w, https:\/\/urlaubbeilinda.com\/wp-content\/uploads\/2020\/06\/Banner-binnenkijken-000-1-768x174.jpg 768w\" sizes=\"(max-width: 1121px) 100vw, 1121px\" \/><\/a><\/p><p>Ich nehme sie mit zu zwei verschiedene Unterk\u00fcnfte in Neukirchen am Gro\u00dfvenediger. Die Appartements sind \u00e4u\u00dferst komfortabel und luxuri\u00f6s eingerichtet, Wellnessm\u00f6glichleiten und Parkpl\u00e4tze. Am unteren Ende dieser Website k\u00f6nnen sie selbst entscheiden, welche Unterkunft sie anschauen m\u00f6chten.<\/p><p><strong>Neukirchen am Gro\u00dfvenediger in \u00d6sterreich<\/strong>: Das idyllische Dorf bietet seinen G\u00e4sten einen sch\u00f6nen Urlaub mit viel Komfort, Sportm\u00f6glichkeiten, Ruhe, Natur und unendliche Panoramablicke. Das luxuri\u00f6se Neubau &#8211; Appartement liegt nur einen Steinwurf von der Talstation der Wildkogelbahn entfernt. In k\u00fcrzester Zeit sind sie auch in den noch gr\u00f6\u00dferen Skigebieten der Zillertal Arena und der Kitzb\u00fchler Alpen. Au\u00dfer Skifahren kann man hier auch wunderbar Langlaufen und wandern. Ebenfalls befindet sich hier die l\u00e4ngste Rodelbahn von \u00d6sterreich. Das gem\u00fctlich Zentrum von Neukirchen erreicht man auch in ein paar Minuten zu Fu\u00df. Supermarkt, B\u00e4cker, Ausgangsgelegenheiten, Restaurants und Gesch\u00e4fte sind dadurch schnell erreichbar.<\/p><p>Auch im Sommer gibt es f\u00fcr alle Altersgruppen genug zu tun. Rad &#8211; und Wanderrouten, ein Kletterpark bei der Wildkogelbahn, schimmern in einem der Schwimmb\u00e4der oder ein Besuch im Tauern &#8211; Spa in Kaprun. Auch ein Ausflug zum Nationalpark Hohe Tauern und den Gerlosspass ist eine tolle Empfehlung. Die Krimmler Wasserf\u00e4lle und Zell am See sind wohl die bekanntesten Sehensw\u00fcrdigkeiten in der Umgebung.<\/p><p>Wenn sie Fragen haben, nehmen sie <span style=\"color: #b41210;\"><a style=\"color: #b41210;\" href=\"http:\/\/urlaubbeilinda.com\/contact\/\">Kontakt<\/a><\/span> mit mir auf.<\/p><figure id=\"attachment_423\" class=\"thumbnail wp-caption alignleft\" style=\"width: 312px\"><a href=\"http:\/\/urlaubbeilinda.com\/neukirchen-am-grossvenediger-top-nr-16\/\" rel=\"attachment wp-att-423\"><img decoding=\"async\" class=\" wp-image-423\" src=\"http:\/\/urlaubbeilinda.com\/wp-content\/uploads\/2016\/01\/Top-16-001-Custom-300x200.jpg\" alt=\"Neukirchen am Grossvenediger Top nr. 16\" width=\"312\" height=\"208\" srcset=\"https:\/\/urlaubbeilinda.com\/wp-content\/uploads\/2016\/01\/Top-16-001-Custom-300x200.jpg 300w, https:\/\/urlaubbeilinda.com\/wp-content\/uploads\/2016\/01\/Top-16-001-Custom-768x513.jpg 768w, https:\/\/urlaubbeilinda.com\/wp-content\/uploads\/2016\/01\/Top-16-001-Custom.jpg 800w\" sizes=\"(max-width: 312px) 100vw, 312px\" \/><\/a><figcaption class=\"caption wp-caption-text\"><span style=\"color: #b41210;\"><strong>Neukirchen am Grossvenediger Top nr. 16<\/strong><\/span><\/figcaption><\/figure><figure id=\"attachment_73\" class=\"thumbnail wp-caption alignleft\" style=\"width: 302px\"><a href=\"http:\/\/urlaubbeilinda.com\/neukirchen-am-grossvenediger-top-11\/\" rel=\"attachment wp-att-73\"><img decoding=\"async\" class=\"wp-image-73 \" src=\"http:\/\/urlaubbeilinda.com\/wp-content\/uploads\/2016\/01\/002-1-300x206.jpg\" alt=\"Oostenrijk -Neukirchen am Grossvenediger- appartement Top nr. 11\" width=\"302\" height=\"207\" srcset=\"https:\/\/urlaubbeilinda.com\/wp-content\/uploads\/2016\/01\/002-1-300x206.jpg 300w, https:\/\/urlaubbeilinda.com\/wp-content\/uploads\/2016\/01\/002-1-768x528.jpg 768w, https:\/\/urlaubbeilinda.com\/wp-content\/uploads\/2016\/01\/002-1.jpg 800w\" sizes=\"(max-width: 302px) 100vw, 302px\" \/><\/a><figcaption class=\"caption wp-caption-text\"><span style=\"color: #b41210;\"><strong>Neukirchen am Grossvenediger Top nr. 11<\/strong><\/span><\/figcaption><\/figure>\t\t\t\t\t\t\t\t<\/div>\n\t\t\t\t<\/div>\n\t\t\t\t\t<\/div>\n\t\t<\/div>\n\t\t\t\t\t<\/div>\n\t\t<\/section>\n\t\t\t\t<\/div>\n\t\t","protected":false},"excerpt":{"rendered":"<p>Ich nehme sie mit zu zwei verschiedene Unterk\u00fcnfte in Neukirchen am Gro\u00dfvenediger. Die Appartements sind \u00e4u\u00dferst komfortabel und luxuri\u00f6s eingerichtet, Wellnessm\u00f6glichleiten und Parkpl\u00e4tze. Am unteren Ende dieser Website k\u00f6nnen sie selbst entscheiden, welche Unterkunft sie anschauen m\u00f6chten. Neukirchen am Gro\u00dfvenediger &hellip; <a href=\"https:\/\/urlaubbeilinda.com\/de\/binnenkijken\/\">Weiter<\/a><\/p>\n","protected":false},"author":1,"featured_media":15,"parent":0,"menu_order":0,"comment_status":"closed","ping_status":"closed","template":"page-fullwidth.php","meta":{"kt_blocks_editor_width":"","footnotes":""},"class_list":["post-14","page","type-page","status-publish","has-post-thumbnail","hentry"],"yoast_head":"<!-- This site is optimized with the Yoast SEO plugin v27.3 - https:\/\/yoast.com\/product\/yoast-seo-wordpress\/ -->\n<title>REINSCHAUEN - Urlaub bei Linda<\/title>\n<meta name=\"robots\" content=\"index, follow, max-snippet:-1, max-image-preview:large, max-video-preview:-1\" \/>\n<link rel=\"canonical\" href=\"https:\/\/urlaubbeilinda.com\/de\/binnenkijken\/\" \/>\n<meta property=\"og:locale\" content=\"de_DE\" \/>\n<meta property=\"og:type\" content=\"article\" \/>\n<meta property=\"og:title\" content=\"REINSCHAUEN - Urlaub bei Linda\" \/>\n<meta property=\"og:description\" content=\"Ich nehme sie mit zu zwei verschiedene Unterk\u00fcnfte in Neukirchen am Gro\u00dfvenediger. Die Appartements sind \u00e4u\u00dferst komfortabel und luxuri\u00f6s eingerichtet, Wellnessm\u00f6glichleiten und Parkpl\u00e4tze. Am unteren Ende dieser Website k\u00f6nnen sie selbst entscheiden, welche Unterkunft sie anschauen m\u00f6chten. Neukirchen am Gro\u00dfvenediger &hellip; Weiter\" \/>\n<meta property=\"og:url\" content=\"https:\/\/urlaubbeilinda.com\/de\/binnenkijken\/\" \/>\n<meta property=\"og:site_name\" content=\"Urlaub bei Linda\" \/>\n<meta property=\"article:modified_time\" content=\"2020-06-25T18:18:14+00:00\" \/>\n<meta property=\"og:image\" content=\"https:\/\/urlaubbeilinda.com\/wp-content\/uploads\/2016\/01\/001.jpg\" \/>\n\t<meta property=\"og:image:width\" content=\"800\" \/>\n\t<meta property=\"og:image:height\" content=\"550\" \/>\n\t<meta property=\"og:image:type\" content=\"image\/jpeg\" \/>\n<meta name=\"twitter:card\" content=\"summary_large_image\" \/>\n<meta name=\"twitter:label1\" content=\"Gesch\u00e4tzte Lesezeit\" \/>\n\t<meta name=\"twitter:data1\" content=\"3\u00a0Minuten\" \/>\n<script type=\"application\/ld+json\" class=\"yoast-schema-graph\">{\"@context\":\"https:\\\/\\\/schema.org\",\"@graph\":[{\"@type\":\"WebPage\",\"@id\":\"https:\\\/\\\/urlaubbeilinda.com\\\/de\\\/binnenkijken\\\/\",\"url\":\"https:\\\/\\\/urlaubbeilinda.com\\\/de\\\/binnenkijken\\\/\",\"name\":\"REINSCHAUEN - Urlaub bei Linda\",\"isPartOf\":{\"@id\":\"https:\\\/\\\/urlaubbeilinda.com\\\/nl\\\/#website\"},\"primaryImageOfPage\":{\"@id\":\"https:\\\/\\\/urlaubbeilinda.com\\\/de\\\/binnenkijken\\\/#primaryimage\"},\"image\":{\"@id\":\"https:\\\/\\\/urlaubbeilinda.com\\\/de\\\/binnenkijken\\\/#primaryimage\"},\"thumbnailUrl\":\"https:\\\/\\\/urlaubbeilinda.com\\\/wp-content\\\/uploads\\\/2016\\\/01\\\/001.jpg\",\"datePublished\":\"2016-01-15T07:36:11+00:00\",\"dateModified\":\"2020-06-25T18:18:14+00:00\",\"breadcrumb\":{\"@id\":\"https:\\\/\\\/urlaubbeilinda.com\\\/de\\\/binnenkijken\\\/#breadcrumb\"},\"inLanguage\":\"de\",\"potentialAction\":[{\"@type\":\"ReadAction\",\"target\":[\"https:\\\/\\\/urlaubbeilinda.com\\\/de\\\/binnenkijken\\\/\"]}]},{\"@type\":\"ImageObject\",\"inLanguage\":\"de\",\"@id\":\"https:\\\/\\\/urlaubbeilinda.com\\\/de\\\/binnenkijken\\\/#primaryimage\",\"url\":\"https:\\\/\\\/urlaubbeilinda.com\\\/wp-content\\\/uploads\\\/2016\\\/01\\\/001.jpg\",\"contentUrl\":\"https:\\\/\\\/urlaubbeilinda.com\\\/wp-content\\\/uploads\\\/2016\\\/01\\\/001.jpg\",\"width\":800,\"height\":550},{\"@type\":\"BreadcrumbList\",\"@id\":\"https:\\\/\\\/urlaubbeilinda.com\\\/de\\\/binnenkijken\\\/#breadcrumb\",\"itemListElement\":[{\"@type\":\"ListItem\",\"position\":1,\"name\":\"Home\",\"item\":\"https:\\\/\\\/urlaubbeilinda.com\\\/nl\\\/\"},{\"@type\":\"ListItem\",\"position\":2,\"name\":\"REINSCHAUEN\"}]},{\"@type\":\"WebSite\",\"@id\":\"https:\\\/\\\/urlaubbeilinda.com\\\/nl\\\/#website\",\"url\":\"https:\\\/\\\/urlaubbeilinda.com\\\/nl\\\/\",\"name\":\"Urlaub bei Linda\",\"description\":\"\",\"potentialAction\":[{\"@type\":\"SearchAction\",\"target\":{\"@type\":\"EntryPoint\",\"urlTemplate\":\"https:\\\/\\\/urlaubbeilinda.com\\\/nl\\\/?s={search_term_string}\"},\"query-input\":{\"@type\":\"PropertyValueSpecification\",\"valueRequired\":true,\"valueName\":\"search_term_string\"}}],\"inLanguage\":\"de\"}]}<\/script>\n<!-- \/ Yoast SEO plugin. -->","yoast_head_json":{"title":"REINSCHAUEN - Urlaub bei Linda","robots":{"index":"index","follow":"follow","max-snippet":"max-snippet:-1","max-image-preview":"max-image-preview:large","max-video-preview":"max-video-preview:-1"},"canonical":"https:\/\/urlaubbeilinda.com\/de\/binnenkijken\/","og_locale":"de_DE","og_type":"article","og_title":"REINSCHAUEN - Urlaub bei Linda","og_description":"Ich nehme sie mit zu zwei verschiedene Unterk\u00fcnfte in Neukirchen am Gro\u00dfvenediger. Die Appartements sind \u00e4u\u00dferst komfortabel und luxuri\u00f6s eingerichtet, Wellnessm\u00f6glichleiten und Parkpl\u00e4tze. Am unteren Ende dieser Website k\u00f6nnen sie selbst entscheiden, welche Unterkunft sie anschauen m\u00f6chten. Neukirchen am Gro\u00dfvenediger &hellip; Weiter","og_url":"https:\/\/urlaubbeilinda.com\/de\/binnenkijken\/","og_site_name":"Urlaub bei Linda","article_modified_time":"2020-06-25T18:18:14+00:00","og_image":[{"width":800,"height":550,"url":"https:\/\/urlaubbeilinda.com\/wp-content\/uploads\/2016\/01\/001.jpg","type":"image\/jpeg"}],"twitter_card":"summary_large_image","twitter_misc":{"Gesch\u00e4tzte Lesezeit":"3\u00a0Minuten"},"schema":{"@context":"https:\/\/schema.org","@graph":[{"@type":"WebPage","@id":"https:\/\/urlaubbeilinda.com\/de\/binnenkijken\/","url":"https:\/\/urlaubbeilinda.com\/de\/binnenkijken\/","name":"REINSCHAUEN - Urlaub bei Linda","isPartOf":{"@id":"https:\/\/urlaubbeilinda.com\/nl\/#website"},"primaryImageOfPage":{"@id":"https:\/\/urlaubbeilinda.com\/de\/binnenkijken\/#primaryimage"},"image":{"@id":"https:\/\/urlaubbeilinda.com\/de\/binnenkijken\/#primaryimage"},"thumbnailUrl":"https:\/\/urlaubbeilinda.com\/wp-content\/uploads\/2016\/01\/001.jpg","datePublished":"2016-01-15T07:36:11+00:00","dateModified":"2020-06-25T18:18:14+00:00","breadcrumb":{"@id":"https:\/\/urlaubbeilinda.com\/de\/binnenkijken\/#breadcrumb"},"inLanguage":"de","potentialAction":[{"@type":"ReadAction","target":["https:\/\/urlaubbeilinda.com\/de\/binnenkijken\/"]}]},{"@type":"ImageObject","inLanguage":"de","@id":"https:\/\/urlaubbeilinda.com\/de\/binnenkijken\/#primaryimage","url":"https:\/\/urlaubbeilinda.com\/wp-content\/uploads\/2016\/01\/001.jpg","contentUrl":"https:\/\/urlaubbeilinda.com\/wp-content\/uploads\/2016\/01\/001.jpg","width":800,"height":550},{"@type":"BreadcrumbList","@id":"https:\/\/urlaubbeilinda.com\/de\/binnenkijken\/#breadcrumb","itemListElement":[{"@type":"ListItem","position":1,"name":"Home","item":"https:\/\/urlaubbeilinda.com\/nl\/"},{"@type":"ListItem","position":2,"name":"REINSCHAUEN"}]},{"@type":"WebSite","@id":"https:\/\/urlaubbeilinda.com\/nl\/#website","url":"https:\/\/urlaubbeilinda.com\/nl\/","name":"Urlaub bei Linda","description":"","potentialAction":[{"@type":"SearchAction","target":{"@type":"EntryPoint","urlTemplate":"https:\/\/urlaubbeilinda.com\/nl\/?s={search_term_string}"},"query-input":{"@type":"PropertyValueSpecification","valueRequired":true,"valueName":"search_term_string"}}],"inLanguage":"de"}]}},"_links":{"self":[{"href":"https:\/\/urlaubbeilinda.com\/de\/wp-json\/wp\/v2\/pages\/14","targetHints":{"allow":["GET"]}}],"collection":[{"href":"https:\/\/urlaubbeilinda.com\/de\/wp-json\/wp\/v2\/pages"}],"about":[{"href":"https:\/\/urlaubbeilinda.com\/de\/wp-json\/wp\/v2\/types\/page"}],"author":[{"embeddable":true,"href":"https:\/\/urlaubbeilinda.com\/de\/wp-json\/wp\/v2\/users\/1"}],"replies":[{"embeddable":true,"href":"https:\/\/urlaubbeilinda.com\/de\/wp-json\/wp\/v2\/comments?post=14"}],"version-history":[{"count":45,"href":"https:\/\/urlaubbeilinda.com\/de\/wp-json\/wp\/v2\/pages\/14\/revisions"}],"predecessor-version":[{"id":889,"href":"https:\/\/urlaubbeilinda.com\/de\/wp-json\/wp\/v2\/pages\/14\/revisions\/889"}],"wp:featuredmedia":[{"embeddable":true,"href":"https:\/\/urlaubbeilinda.com\/de\/wp-json\/wp\/v2\/media\/15"}],"wp:attachment":[{"href":"https:\/\/urlaubbeilinda.com\/de\/wp-json\/wp\/v2\/media?parent=14"}],"curies":[{"name":"wp","href":"https:\/\/api.w.org\/{rel}","templated":true}]}}