{"id":125,"date":"2016-01-15T18:53:33","date_gmt":"2016-01-15T17:53:33","guid":{"rendered":"http:\/\/urlaubbeilinda.com\/?page_id=125"},"modified":"2018-10-27T21:09:09","modified_gmt":"2018-10-27T20:09:09","slug":"oostenrijk","status":"publish","type":"page","link":"https:\/\/urlaubbeilinda.com\/de\/oostenrijk\/","title":{"rendered":"\u00d6STERREICH"},"content":{"rendered":"<strong><a href=\"http:\/\/urlaubbeilinda.com\/wp-content\/uploads\/2016\/01\/Banner-Oostenrijk-winter-01-1.jpg\" rel=\"attachment wp-att-140\"><img fetchpriority=\"high\" decoding=\"async\" class=\" wp-image-140 aligncenter\" src=\"http:\/\/urlaubbeilinda.com\/wp-content\/uploads\/2016\/01\/Banner-Oostenrijk-winter-01-1.jpg\" alt=\"Banner Oostenrijk winter 01\" width=\"1151\" height=\"263\" srcset=\"https:\/\/urlaubbeilinda.com\/wp-content\/uploads\/2016\/01\/Banner-Oostenrijk-winter-01-1.jpg 1120w, https:\/\/urlaubbeilinda.com\/wp-content\/uploads\/2016\/01\/Banner-Oostenrijk-winter-01-1-300x69.jpg 300w, https:\/\/urlaubbeilinda.com\/wp-content\/uploads\/2016\/01\/Banner-Oostenrijk-winter-01-1-768x176.jpg 768w, https:\/\/urlaubbeilinda.com\/wp-content\/uploads\/2016\/01\/Banner-Oostenrijk-winter-01-1-1024x234.jpg 1024w\" sizes=\"(max-width: 1151px) 100vw, 1151px\" \/><\/a><a href=\"http:\/\/urlaubbeilinda.com\/wp-content\/uploads\/2016\/01\/Banner-Oostenrijk-bloemen-1.jpg\" rel=\"attachment wp-att-138\"><img decoding=\"async\" class=\" wp-image-138 aligncenter\" src=\"http:\/\/urlaubbeilinda.com\/wp-content\/uploads\/2016\/01\/Banner-Oostenrijk-bloemen-1.jpg\" alt=\"Banner Oostenrijk bloemen\" width=\"1151\" height=\"267\" srcset=\"https:\/\/urlaubbeilinda.com\/wp-content\/uploads\/2016\/01\/Banner-Oostenrijk-bloemen-1.jpg 1121w, https:\/\/urlaubbeilinda.com\/wp-content\/uploads\/2016\/01\/Banner-Oostenrijk-bloemen-1-300x70.jpg 300w, https:\/\/urlaubbeilinda.com\/wp-content\/uploads\/2016\/01\/Banner-Oostenrijk-bloemen-1-768x178.jpg 768w, https:\/\/urlaubbeilinda.com\/wp-content\/uploads\/2016\/01\/Banner-Oostenrijk-bloemen-1-1024x238.jpg 1024w\" sizes=\"(max-width: 1151px) 100vw, 1151px\" \/><\/a>Neukirchen am Gro\u00dfvenediger<\/strong> ist eine Gemeinde im \u00f6sterreichischen Bundesland Salzburg, und Teil des Bezirkes Zell am See, mit ca 2600 Einwohnern. Neukirchen hat im Winter meist starken Schneefall, im Jahr 2009 waren es an bestimmten Stellen sogar 2 Meter. Das Skigebiet umfasst 50 Pistenkilometer und liegt auf einer H\u00f6he von rund 1900m. Neukirchen selbst liegt auf 856m.<\/p>\n<p>Auch im Sommer gibt es viel zu erleben, man ist hier im Herzen des Nationalparks Hohe Tauern. Das idyllische Dorf bietet seinen G\u00e4sten einen sch\u00f6nen Urlaub mit viel Komfort, Sportm\u00f6glichkeiten, Ruhe, Natur und unendliche Panoramablicke.<\/p>\n<p>M\u00f6chten Sie Ihren Urlaub im sch\u00f6n gelegenen Wintersport-\/Naturgebiet verbringen, dann buchen Sie eine der Wohnungen in der Residenz \u201eWildkogel\u201c in Neukirchen am Gro\u00dfvenediger. Zur Verf\u00fcgung stehen die Nummer 16 oder die Nummer 11, beide liegen in der ersten Etage und sind ca 80m2 gro\u00df. Es sind \u00e4u\u00dferst komfortabel und luxuri\u00f6s eingerichtete Appartements mit kostenloser Nutzung des Wellnessbereiches.<\/p>\n<p>&nbsp;<\/p>\n<p><a href=\"https:\/\/webtv.feratel.com\/webtv\/?design=v3&amp;cam=5365&amp;c2=0\" target=\"_blank\" rel=\"noopener\"><u><span style=\"color: #0066cc;\"><i class=\"icon-facetime-video\" style=\"font-size:24px; color:#000;\"><\/i><\/span><\/u><\/a><a href=\"https:\/\/wildkogel-arena.at\/de\/urlaubsinformationen-webcams-wildkogel-arena\" target=\"_blank\" rel=\"noopener\">\u00a0<\/a> <span style=\"color: #b41210;\"><strong>Blick durch\u00a0<\/strong><\/span><span style=\"color: #b41210;\"><strong>Webcams in der N\u00e4he<\/strong><\/span><\/p>\n<p>&nbsp;<\/p>\n<p><a href=\"https:\/\/www.weeronline.nl\/Wintersport\/Oostenrijk\/Neukirchen-am-Grossvenediger\/4116944\/15\" target=\"_blank\" rel=\"noopener\"><strong><span style=\"color: #b41210;\">Aktuell Wetter in Neukirchen am Grossvenediger<\/span><\/strong><\/a><\/p>\n<div id=\"weatherWidget\" data-source=\"http:\/\/www.weer.nl\" data-city=\"18134837\" data-format=\"600x150\" data-serviceid=\"56a7377c73e6b5.76246758\" data-version=\"1.1\">\n<div><\/div>\n<p><script src=\"http:\/\/www.weer.nl\/fileadmin\/scripts\/widget.js\"><\/script><\/p>\n<\/div>","protected":false},"excerpt":{"rendered":"<p>Neukirchen am Gro\u00dfvenediger ist eine Gemeinde im \u00f6sterreichischen Bundesland Salzburg, und Teil des Bezirkes Zell am See, mit ca 2600 Einwohnern. Neukirchen hat im Winter meist starken Schneefall, im Jahr 2009 waren es an bestimmten Stellen sogar 2 Meter. Das &hellip; <a href=\"https:\/\/urlaubbeilinda.com\/de\/oostenrijk\/\">Weiter<\/a><\/p>\n","protected":false},"author":1,"featured_media":0,"parent":0,"menu_order":0,"comment_status":"closed","ping_status":"closed","template":"page-fullwidth.php","meta":{"kt_blocks_editor_width":"","footnotes":""},"class_list":["post-125","page","type-page","status-publish","hentry"],"yoast_head":"<!-- This site is optimized with the Yoast SEO plugin v27.3 - https:\/\/yoast.com\/product\/yoast-seo-wordpress\/ -->\n<title>\u00d6STERREICH - Urlaub bei Linda<\/title>\n<meta name=\"robots\" content=\"index, follow, max-snippet:-1, max-image-preview:large, max-video-preview:-1\" \/>\n<link rel=\"canonical\" href=\"https:\/\/urlaubbeilinda.com\/de\/oostenrijk\/\" \/>\n<meta property=\"og:locale\" content=\"de_DE\" \/>\n<meta property=\"og:type\" content=\"article\" \/>\n<meta property=\"og:title\" content=\"\u00d6STERREICH - Urlaub bei Linda\" \/>\n<meta property=\"og:description\" content=\"Neukirchen am Gro\u00dfvenediger ist eine Gemeinde im \u00f6sterreichischen Bundesland Salzburg, und Teil des Bezirkes Zell am See, mit ca 2600 Einwohnern. Neukirchen hat im Winter meist starken Schneefall, im Jahr 2009 waren es an bestimmten Stellen sogar 2 Meter. Das &hellip; Weiter\" \/>\n<meta property=\"og:url\" content=\"https:\/\/urlaubbeilinda.com\/de\/oostenrijk\/\" \/>\n<meta property=\"og:site_name\" content=\"Urlaub bei Linda\" \/>\n<meta property=\"article:modified_time\" content=\"2018-10-27T20:09:09+00:00\" \/>\n<meta property=\"og:image\" content=\"http:\/\/urlaubbeilinda.com\/wp-content\/uploads\/2016\/01\/Banner-Oostenrijk-winter-01-1.jpg\" \/>\n<meta name=\"twitter:card\" content=\"summary_large_image\" \/>\n<meta name=\"twitter:label1\" content=\"Gesch\u00e4tzte Lesezeit\" \/>\n\t<meta name=\"twitter:data1\" content=\"2\u00a0Minuten\" \/>\n<script type=\"application\/ld+json\" class=\"yoast-schema-graph\">{\"@context\":\"https:\\\/\\\/schema.org\",\"@graph\":[{\"@type\":\"WebPage\",\"@id\":\"https:\\\/\\\/urlaubbeilinda.com\\\/de\\\/oostenrijk\\\/\",\"url\":\"https:\\\/\\\/urlaubbeilinda.com\\\/de\\\/oostenrijk\\\/\",\"name\":\"\u00d6STERREICH - Urlaub bei Linda\",\"isPartOf\":{\"@id\":\"https:\\\/\\\/urlaubbeilinda.com\\\/nl\\\/#website\"},\"primaryImageOfPage\":{\"@id\":\"https:\\\/\\\/urlaubbeilinda.com\\\/de\\\/oostenrijk\\\/#primaryimage\"},\"image\":{\"@id\":\"https:\\\/\\\/urlaubbeilinda.com\\\/de\\\/oostenrijk\\\/#primaryimage\"},\"thumbnailUrl\":\"http:\\\/\\\/urlaubbeilinda.com\\\/wp-content\\\/uploads\\\/2016\\\/01\\\/Banner-Oostenrijk-winter-01-1.jpg\",\"datePublished\":\"2016-01-15T17:53:33+00:00\",\"dateModified\":\"2018-10-27T20:09:09+00:00\",\"breadcrumb\":{\"@id\":\"https:\\\/\\\/urlaubbeilinda.com\\\/de\\\/oostenrijk\\\/#breadcrumb\"},\"inLanguage\":\"de\",\"potentialAction\":[{\"@type\":\"ReadAction\",\"target\":[\"https:\\\/\\\/urlaubbeilinda.com\\\/de\\\/oostenrijk\\\/\"]}]},{\"@type\":\"ImageObject\",\"inLanguage\":\"de\",\"@id\":\"https:\\\/\\\/urlaubbeilinda.com\\\/de\\\/oostenrijk\\\/#primaryimage\",\"url\":\"http:\\\/\\\/urlaubbeilinda.com\\\/wp-content\\\/uploads\\\/2016\\\/01\\\/Banner-Oostenrijk-winter-01-1.jpg\",\"contentUrl\":\"http:\\\/\\\/urlaubbeilinda.com\\\/wp-content\\\/uploads\\\/2016\\\/01\\\/Banner-Oostenrijk-winter-01-1.jpg\"},{\"@type\":\"BreadcrumbList\",\"@id\":\"https:\\\/\\\/urlaubbeilinda.com\\\/de\\\/oostenrijk\\\/#breadcrumb\",\"itemListElement\":[{\"@type\":\"ListItem\",\"position\":1,\"name\":\"Home\",\"item\":\"https:\\\/\\\/urlaubbeilinda.com\\\/nl\\\/\"},{\"@type\":\"ListItem\",\"position\":2,\"name\":\"\u00d6STERREICH\"}]},{\"@type\":\"WebSite\",\"@id\":\"https:\\\/\\\/urlaubbeilinda.com\\\/nl\\\/#website\",\"url\":\"https:\\\/\\\/urlaubbeilinda.com\\\/nl\\\/\",\"name\":\"Urlaub bei Linda\",\"description\":\"\",\"potentialAction\":[{\"@type\":\"SearchAction\",\"target\":{\"@type\":\"EntryPoint\",\"urlTemplate\":\"https:\\\/\\\/urlaubbeilinda.com\\\/nl\\\/?s={search_term_string}\"},\"query-input\":{\"@type\":\"PropertyValueSpecification\",\"valueRequired\":true,\"valueName\":\"search_term_string\"}}],\"inLanguage\":\"de\"}]}<\/script>\n<!-- \/ Yoast SEO plugin. -->","yoast_head_json":{"title":"\u00d6STERREICH - Urlaub bei Linda","robots":{"index":"index","follow":"follow","max-snippet":"max-snippet:-1","max-image-preview":"max-image-preview:large","max-video-preview":"max-video-preview:-1"},"canonical":"https:\/\/urlaubbeilinda.com\/de\/oostenrijk\/","og_locale":"de_DE","og_type":"article","og_title":"\u00d6STERREICH - Urlaub bei Linda","og_description":"Neukirchen am Gro\u00dfvenediger ist eine Gemeinde im \u00f6sterreichischen Bundesland Salzburg, und Teil des Bezirkes Zell am See, mit ca 2600 Einwohnern. Neukirchen hat im Winter meist starken Schneefall, im Jahr 2009 waren es an bestimmten Stellen sogar 2 Meter. Das &hellip; Weiter","og_url":"https:\/\/urlaubbeilinda.com\/de\/oostenrijk\/","og_site_name":"Urlaub bei Linda","article_modified_time":"2018-10-27T20:09:09+00:00","og_image":[{"url":"http:\/\/urlaubbeilinda.com\/wp-content\/uploads\/2016\/01\/Banner-Oostenrijk-winter-01-1.jpg","type":"","width":"","height":""}],"twitter_card":"summary_large_image","twitter_misc":{"Gesch\u00e4tzte Lesezeit":"2\u00a0Minuten"},"schema":{"@context":"https:\/\/schema.org","@graph":[{"@type":"WebPage","@id":"https:\/\/urlaubbeilinda.com\/de\/oostenrijk\/","url":"https:\/\/urlaubbeilinda.com\/de\/oostenrijk\/","name":"\u00d6STERREICH - Urlaub bei Linda","isPartOf":{"@id":"https:\/\/urlaubbeilinda.com\/nl\/#website"},"primaryImageOfPage":{"@id":"https:\/\/urlaubbeilinda.com\/de\/oostenrijk\/#primaryimage"},"image":{"@id":"https:\/\/urlaubbeilinda.com\/de\/oostenrijk\/#primaryimage"},"thumbnailUrl":"http:\/\/urlaubbeilinda.com\/wp-content\/uploads\/2016\/01\/Banner-Oostenrijk-winter-01-1.jpg","datePublished":"2016-01-15T17:53:33+00:00","dateModified":"2018-10-27T20:09:09+00:00","breadcrumb":{"@id":"https:\/\/urlaubbeilinda.com\/de\/oostenrijk\/#breadcrumb"},"inLanguage":"de","potentialAction":[{"@type":"ReadAction","target":["https:\/\/urlaubbeilinda.com\/de\/oostenrijk\/"]}]},{"@type":"ImageObject","inLanguage":"de","@id":"https:\/\/urlaubbeilinda.com\/de\/oostenrijk\/#primaryimage","url":"http:\/\/urlaubbeilinda.com\/wp-content\/uploads\/2016\/01\/Banner-Oostenrijk-winter-01-1.jpg","contentUrl":"http:\/\/urlaubbeilinda.com\/wp-content\/uploads\/2016\/01\/Banner-Oostenrijk-winter-01-1.jpg"},{"@type":"BreadcrumbList","@id":"https:\/\/urlaubbeilinda.com\/de\/oostenrijk\/#breadcrumb","itemListElement":[{"@type":"ListItem","position":1,"name":"Home","item":"https:\/\/urlaubbeilinda.com\/nl\/"},{"@type":"ListItem","position":2,"name":"\u00d6STERREICH"}]},{"@type":"WebSite","@id":"https:\/\/urlaubbeilinda.com\/nl\/#website","url":"https:\/\/urlaubbeilinda.com\/nl\/","name":"Urlaub bei Linda","description":"","potentialAction":[{"@type":"SearchAction","target":{"@type":"EntryPoint","urlTemplate":"https:\/\/urlaubbeilinda.com\/nl\/?s={search_term_string}"},"query-input":{"@type":"PropertyValueSpecification","valueRequired":true,"valueName":"search_term_string"}}],"inLanguage":"de"}]}},"_links":{"self":[{"href":"https:\/\/urlaubbeilinda.com\/de\/wp-json\/wp\/v2\/pages\/125","targetHints":{"allow":["GET"]}}],"collection":[{"href":"https:\/\/urlaubbeilinda.com\/de\/wp-json\/wp\/v2\/pages"}],"about":[{"href":"https:\/\/urlaubbeilinda.com\/de\/wp-json\/wp\/v2\/types\/page"}],"author":[{"embeddable":true,"href":"https:\/\/urlaubbeilinda.com\/de\/wp-json\/wp\/v2\/users\/1"}],"replies":[{"embeddable":true,"href":"https:\/\/urlaubbeilinda.com\/de\/wp-json\/wp\/v2\/comments?post=125"}],"version-history":[{"count":12,"href":"https:\/\/urlaubbeilinda.com\/de\/wp-json\/wp\/v2\/pages\/125\/revisions"}],"predecessor-version":[{"id":679,"href":"https:\/\/urlaubbeilinda.com\/de\/wp-json\/wp\/v2\/pages\/125\/revisions\/679"}],"wp:attachment":[{"href":"https:\/\/urlaubbeilinda.com\/de\/wp-json\/wp\/v2\/media?parent=125"}],"curies":[{"name":"wp","href":"https:\/\/api.w.org\/{rel}","templated":true}]}}